{"id":456,"date":"2019-11-25T09:26:28","date_gmt":"2019-11-25T09:26:28","guid":{"rendered":"http:\/\/tastytesty.com\/plogga\/?page_id=456"},"modified":"2023-06-19T21:13:28","modified_gmt":"2023-06-19T19:13:28","slug":"ambassadorer","status":"publish","type":"page","link":"https:\/\/www.plogga.se\/en\/ambassadorer\/","title":{"rendered":"Ambassadors"},"content":{"rendered":"<section class=\"wpb-content-wrapper\"><section data-parallax=\"true\" data-parallax-options='{\"parallaxBG\":true}' class=\"vc_row wpb_row vc_row-fluid liquid-row-shadowbox-69e0f6de5de19 vc_row-has-fill vc_row-o-content-middle vc_row-flex\"><div class=\"ld-container container-fluid\"><div class=\"row ld-row\"><div class=\"wpb_column vc_column_container vc_col-sm-12 liquid-column-69e0f6de5e3a6\"><div class=\"vc_column-inner\"><div class=\"wpb_wrapper\"   ><div class=\"wpb_wrapper-inner\"><div style=\"background-position:center bottom !important; background-attachment:;\" class=\"vc_row wpb_row vc_inner vc_row-fluid vc_custom_1687201758045 liquid-row-shadowbox-69e0f6de5e7f8 vc_row-has-fill vc_row-o-content-middle vc_row-flex\"><div class=\"wpb_column vc_column_container vc_col-sm-2 text-left liquid-column-69e0f6de5ed06\" data-parallax=\"true\" data-parallax-options='{\"ease\":\"linear\",\"reverse\":true,\"triggerHook\":\"onEnter\"}'><div class=\"vc_column-inner\"><div class=\"wpb_wrapper\"  ><div class=\"wpb_wrapper-inner\"><style>.ld_spacer_69e0f6de5ed88{height:32px;}<\/style>\n<div class=\"ld-empty-space ld_spacer_69e0f6de5ed88\"><span class=\"liquid_empty_space_inner\"><\/span><\/div>\n\t<div class=\"wpb_text_column wpb_content_element\" >\n\t\t<div class=\"wpb_wrapper\">\n\t\t\t\n\t\t<\/div>\n\t<\/div>\n<\/div><\/div><\/div><\/div><div class=\"wpb_column vc_column_container vc_col-sm-8 liquid-column-69e0f6de5f0f6\"><div class=\"vc_column-inner\"><div class=\"wpb_wrapper\"  ><div class=\"wpb_wrapper-inner\"><style>.ld_spacer_69e0f6de5f16e{height:100px;}<\/style>\n<div class=\"ld-empty-space ld_spacer_69e0f6de5f16e\"><span class=\"liquid_empty_space_inner\"><\/span><\/div><style>.ld_fancy_heading_69e0f6de5f228 .lqd-highlight-inner{height:0.275em;bottom:0px;}<\/style><div class=\"ld-fancy-heading text-left ld_fancy_heading_69e0f6de5f228\">\n\t<h1 class=\"lqd-highlight-underline lqd-highlight-grow-left\" ><span class=\"ld-fh-txt\"> <\/p>\n<h1 style=\"text-align: left;color: #ffffff\">Our environmental heroes.<br \/>\nPlogga ambassadors are our heroes who organize regular Plogging events around the world.<\/h1>\n<p><\/span><\/h1><\/div><\/div><\/div><\/div><\/div><div class=\"wpb_column vc_column_container vc_col-sm-2 liquid-column-69e0f6de5faf1\"><div class=\"vc_column-inner\"><div class=\"wpb_wrapper\"  ><div class=\"wpb_wrapper-inner\"><style>.ld_fancy_heading_69e0f6de5fbb3 .lqd-highlight-inner{height:0.275em;bottom:0px;}<\/style><div class=\"ld-fancy-heading ld_fancy_heading_69e0f6de5fbb3\">\n\t<\/div><\/div><\/div><\/div><\/div><\/div><\/div><\/div><\/div><\/div><\/div><\/div><\/section><div class=\"vc_row-full-width vc_clearfix\"><\/div><section class=\"vc_row wpb_row vc_row-fluid vc_custom_1580308457267 row-contains-padding-top row-contains-padding-bottom liquid-row-shadowbox-69e0f6de600ee vc_row-o-content-middle vc_row-flex\"><div class=\"ld-container container\"><div class=\"row ld-row\"><div class=\"wpb_column vc_column_container vc_col-sm-2 liquid-column-69e0f6de603bc\"><div class=\"vc_column-inner\"><div class=\"wpb_wrapper\"   ><div class=\"wpb_wrapper-inner\"><style>.ld_spacer_69e0f6de6042d{height:32px;}<\/style>\n<div class=\"ld-empty-space ld_spacer_69e0f6de6042d\"><span class=\"liquid_empty_space_inner\"><\/span><\/div><\/div><\/div><\/div><\/div><div class=\"wpb_column vc_column_container vc_col-sm-8 liquid-column-69e0f6de606d3\"><div class=\"vc_column-inner\"><div class=\"wpb_wrapper\"   ><div class=\"wpb_wrapper-inner\">\n\t<div class=\"wpb_text_column wpb_content_element\" >\n\t\t<div class=\"wpb_wrapper\">\n\t\t\t<h1 style=\"text-align: center;\"><strong>Become a Plogga ambassador<\/strong><\/h1>\n\n\t\t<\/div>\n\t<\/div>\n\n\t<div class=\"wpb_text_column wpb_content_element\" >\n\t\t<div class=\"wpb_wrapper\">\n\t\t\t<p>The task of the Plogga ambassadors is to plan and carry out official Plogga events with us at Plogga. The event appears as an official event in our event calendar on Facebook.<\/p>\n<p>Our ambassadors are a wild mix of popular profiles and sports, health and environmental heroes. Erik Ahlstr\u00f6m, who co-founded Plogga, is our Chief Ambassador as he is renowned for his sports and health commitment and environmental work.<\/p>\n<p>We are constantly looking for more dedicated ambassadors who want to help us spread the World! Are you looking for us?<\/p>\n\n\t\t<\/div>\n\t<\/div>\n<\/div><\/div><\/div><\/div><div class=\"wpb_column vc_column_container vc_col-sm-2 liquid-column-69e0f6de60acb\"><div class=\"vc_column-inner\"><div class=\"wpb_wrapper\"   ><div class=\"wpb_wrapper-inner\"><style>.ld_spacer_69e0f6de60b26{height:32px;}<\/style>\n<div class=\"ld-empty-space ld_spacer_69e0f6de60b26\"><span class=\"liquid_empty_space_inner\"><\/span><\/div><\/div><\/div><\/div><\/div><\/div><\/div><\/section><section style=\"background:linear-gradient(90deg, rgb(231, 38, 122) 0%, #672d95 100%);\" class=\"vc_row wpb_row vc_row-fluid vc_custom_1622211500831 row-contains-padding-top row-contains-padding-bottom liquid-row-shadowbox-69e0f6de60dbd vc_row-o-content-middle vc_row-flex\"><div class=\"ld-container container\"><div class=\"row ld-row\"><div class=\"wpb_column vc_column_container vc_col-sm-2 liquid-column-69e0f6de6107d\"><div class=\"vc_column-inner\"><div class=\"wpb_wrapper\"   ><div class=\"wpb_wrapper-inner\"><style>.ld_spacer_69e0f6de610de{height:60px;}<\/style>\n<div class=\"ld-empty-space ld_spacer_69e0f6de610de\"><span class=\"liquid_empty_space_inner\"><\/span><\/div><\/div><\/div><\/div><\/div><div class=\"wpb_column vc_column_container vc_col-sm-8 liquid-column-69e0f6de61377\"><div class=\"vc_column-inner\"><div class=\"wpb_wrapper\"   ><div class=\"wpb_wrapper-inner\">\n\t<div class=\"wpb_text_column wpb_content_element\" >\n\t\t<div class=\"wpb_wrapper\">\n\t\t\t<h1 class=\"section-headline\" style=\"text-align: center;\"><span style=\"color: #ffffff;\">Three different levels<\/span><\/h1>\n\n\t\t<\/div>\n\t<\/div>\n\n\t<div class=\"wpb_text_column wpb_content_element  vc_custom_1598606172825\" >\n\t\t<div class=\"wpb_wrapper\">\n\t\t\t<p class=\"section-headline\" style=\"text-align: center;\"><span style=\"color: #ffffff;\">There are three different levels of Ambassadorship to Plogga. Everyone starts at Gram, and has the opportunity to climb all the way up to Ton!<\/span><\/p>\n\n\t\t<\/div>\n\t<\/div>\n<style>.ld_spacer_69e0f6de61517{height:60px;}<\/style>\n<div class=\"ld-empty-space ld_spacer_69e0f6de61517\"><span class=\"liquid_empty_space_inner\"><\/span><\/div><\/div><\/div><\/div><\/div><div class=\"wpb_column vc_column_container vc_col-sm-2 liquid-column-69e0f6de617ab\"><div class=\"vc_column-inner\"><div class=\"wpb_wrapper\"   ><div class=\"wpb_wrapper-inner\"><style>.ld_spacer_69e0f6de6180c{height:60px;}<\/style>\n<div class=\"ld-empty-space ld_spacer_69e0f6de6180c\"><span class=\"liquid_empty_space_inner\"><\/span><\/div><\/div><\/div><\/div><\/div><div class=\"wpb_column vc_column_container vc_col-sm-12 liquid-column-69e0f6de61a79\"><div class=\"vc_column-inner\"><div class=\"wpb_wrapper\"   ><div class=\"wpb_wrapper-inner\"><div style=\"background-position:center bottom !important; background-attachment:;\" class=\"vc_row wpb_row vc_inner vc_row-fluid vc_custom_1574544067607 liquid-row-shadowbox-69e0f6de61c32 vc_row-o-content-middle vc_row-flex\"><div class=\"wpb_column vc_column_container vc_col-sm-2 text-left liquid-column-69e0f6de61e89\" data-parallax=\"true\" data-parallax-options='{\"ease\":\"linear\",\"reverse\":true,\"triggerHook\":\"onEnter\"}'><div class=\"vc_column-inner\"><div class=\"wpb_wrapper\"  ><div class=\"wpb_wrapper-inner\"><style>.ld_spacer_69e0f6de61ee8{height:32px;}<\/style>\n<div class=\"ld-empty-space ld_spacer_69e0f6de61ee8\"><span class=\"liquid_empty_space_inner\"><\/span><\/div>\n\t<div class=\"wpb_text_column wpb_content_element\" >\n\t\t<div class=\"wpb_wrapper\">\n\t\t\t\n\t\t<\/div>\n\t<\/div>\n<\/div><\/div><\/div><\/div><div class=\"wpb_column vc_column_container vc_col-sm-8 liquid-column-69e0f6de62190\"><div class=\"vc_column-inner\"><div class=\"wpb_wrapper\"  ><div class=\"wpb_wrapper-inner\"><style>.ld_icon_box_69e0f6de622b1 h3{margin-bottom:px;}.ld_icon_box_69e0f6de622b1 .iconbox-icon-container{border-radius:px;}<\/style>\n<div class=\"iconbox iconbox-side iconbox-circle iconbox-xl ld_icon_box_69e0f6de622b1\" id=\"ld_icon_box_69e0f6de622b1\"   >\n\t\n\t\t<div class=\"iconbox-icon-wrap\"><span class=\"iconbox-icon-container\"><i class=\"icon-num-1\"><\/i><\/span><\/div><!-- \/.iconbox-icon-wrap -->\t\n\t\t\n\t<div class=\"contents\">\t\n\t<h3>Gram<\/h3>\t<div class=\"section-listitem-text\">\n<p><span style=\"color: #ffffff\">You create a Plogging event in your hometown, around your home or workplace. We help you to administer, pepper and upload photos in a Facebook event created via us at Plogga. Read more about how you as an individual can create events and engage your area to become a GRAM ambassador.<\/span><\/p>\n<\/div>\n\t\t\n\t<\/div>\t\n\t\n<\/div>\n<div class=\"vc_btn3-container vc_btn3-right\" ><a class=\"vc_general vc_btn3 vc_btn3-size-md vc_btn3-shape-rounded vc_btn3-style-modern vc_btn3-color-white\" href=\"https:\/\/www.plogga.se\/en\/kontakt\/\" title=\"Get Involved\">Read More<\/a><\/div><style>.ld_icon_box_69e0f6de62c38 h3{margin-bottom:px;}.ld_icon_box_69e0f6de62c38 .iconbox-icon-container{border-radius:px;}<\/style>\n<div class=\"iconbox iconbox-side iconbox-circle iconbox-xl ld_icon_box_69e0f6de62c38\" id=\"ld_icon_box_69e0f6de62c38\"   >\n\t\n\t\t<div class=\"iconbox-icon-wrap\"><span class=\"iconbox-icon-container\"><i class=\"icon-num-2\"><\/i><\/span><\/div><!-- \/.iconbox-icon-wrap -->\t\n\t\t\n\t<div class=\"contents\">\t\n\t<h3>Kilo<\/h3>\t<div class=\"section-listitem-text\">\n<p><span style=\"color: #ffffff\">At this level, you create Plogga events in the same way as GRAM, but organize more events. You hold 4-6 Plogga events \/ year and are responsible for administering, pepping and uploading photos in a Facebook event that is created via us at Plogga. You will have access to our Instagram and broadcast live during your events. We are happy to tell you more.<\/span><\/p>\n<\/div>\n\t\t\n\t<\/div>\t\n\t\n<\/div>\n<div class=\"vc_btn3-container vc_btn3-right\" ><a class=\"vc_general vc_btn3 vc_btn3-size-md vc_btn3-shape-rounded vc_btn3-style-modern vc_btn3-color-white\" href=\"https:\/\/www.plogga.se\/en\/kontakt\/\" title=\"Get Involved\">Read More<\/a><\/div><style>.ld_icon_box_69e0f6de63389 h3{margin-bottom:px;}.ld_icon_box_69e0f6de63389 .iconbox-icon-container{border-radius:px;}<\/style>\n<div class=\"iconbox iconbox-side iconbox-circle iconbox-xl ld_icon_box_69e0f6de63389\" id=\"ld_icon_box_69e0f6de63389\"   >\n\t\n\t\t<div class=\"iconbox-icon-wrap\"><span class=\"iconbox-icon-container\"><i class=\"icon-num-3\"><\/i><\/span><\/div><!-- \/.iconbox-icon-wrap -->\t\n\t\t\n\t<div class=\"contents\">\t\n\t<h3>Ton<\/h3>\t<div class=\"section-listitem-text\">\n<div class=\"section-listitem-text\">\n<p><span style=\"color: #ffffff\">At this level, you need to have completed the steps for GRAM and KILO. You will lecture, coach associations, schools and municipalities in Plogging. You undergo training, receive presentation materials and manage your \"own\" projects. You will also become an editor on our Facebook page and Instagram.<\/span><\/p>\n<\/div>\n<\/div>\n\t\t\n\t<\/div>\t\n\t\n<\/div>\n<div class=\"vc_btn3-container vc_btn3-right\" ><a class=\"vc_general vc_btn3 vc_btn3-size-md vc_btn3-shape-rounded vc_btn3-style-modern vc_btn3-color-white\" href=\"https:\/\/www.plogga.se\/en\/kontakt\/\" title=\"Get Involved\">Read More<\/a><\/div><\/div><\/div><\/div><\/div><div class=\"wpb_column vc_column_container vc_col-sm-2 liquid-column-69e0f6de63a1f\"><div class=\"vc_column-inner\"><div class=\"wpb_wrapper\"  ><div class=\"wpb_wrapper-inner\"><style>.ld_fancy_heading_69e0f6de63ad3 .lqd-highlight-inner{height:0.275em;bottom:0px;}<\/style><div class=\"ld-fancy-heading ld_fancy_heading_69e0f6de63ad3\">\n\t<\/div><\/div><\/div><\/div><\/div><\/div><\/div><\/div><\/div><\/div><\/div><\/div><\/section><section class=\"vc_row wpb_row vc_row-fluid vc_custom_1580308457267 row-contains-padding-top row-contains-padding-bottom liquid-row-shadowbox-69e0f6de6415d vc_row-o-content-middle vc_row-flex\"><div class=\"ld-container container\"><div class=\"row ld-row\"><div class=\"wpb_column vc_column_container vc_col-sm-2 liquid-column-69e0f6de644a2\"><div class=\"vc_column-inner\"><div class=\"wpb_wrapper\"   ><div class=\"wpb_wrapper-inner\"><style>.ld_spacer_69e0f6de64508{height:32px;}<\/style>\n<div class=\"ld-empty-space ld_spacer_69e0f6de64508\"><span class=\"liquid_empty_space_inner\"><\/span><\/div><\/div><\/div><\/div><\/div><div class=\"wpb_column vc_column_container vc_col-sm-8 liquid-column-69e0f6de647d2\"><div class=\"vc_column-inner\"><div class=\"wpb_wrapper\"   ><div class=\"wpb_wrapper-inner\">\n\t<div class=\"wpb_text_column wpb_content_element\" >\n\t\t<div class=\"wpb_wrapper\">\n\t\t\t<h1 style=\"text-align: center;\"><strong>Contact an ambassador<\/strong><\/h1>\n\n\t\t<\/div>\n\t<\/div>\n\n\t<div class=\"wpb_text_column wpb_content_element\" >\n\t\t<div class=\"wpb_wrapper\">\n\t\t\t<h4 style=\"text-align: center;\">See what a Plogga ambassador is doing near you. Contact them and take part in their activities.<\/h4>\n<p style=\"text-align: center;\">If the person does not have a link to Instagram you can e-mail them through <a href=\"mailto:info@plogga.se\">info@plogga.se<\/a> and tell us who you want to contact.<\/p>\n<h3 style=\"text-align: center;\">Sk\u00e5ne<\/h3>\n<p style=\"text-align: center;\">Ann-Jeanette Bj\u00f6rn-Bentzen, H\u00f6rby<br \/>\nEmma Koster Ahlstr\u00f6m, Lomma<br \/>\nMalin Taggu, Lomma <a href=\"https:\/\/www.instagram.com\/mtaggu\" target=\"_blank\" rel=\"noopener\">mtaggu<\/a><br \/>\nSofie Dahlstr\u00f6m, Lund<\/p>\n<h3 style=\"text-align: center;\">Halland<\/h3>\n<p style=\"text-align: center;\">Stefan Arvidsson, Falkenberg<br \/>\nRebecca Dahlsj\u00f6, Kungsbacka<br \/>\nBeatrice Lind, Varberg<\/p>\n<h3 style=\"text-align: center;\">V\u00e4stra G\u00f6taland<\/h3>\n<p style=\"text-align: center;\">Sofia Wackling, Bor\u00e5s<br \/>\nAnders Bj\u00f6rk, Floda<br \/>\nCarina Svensson, G\u00f6teborg, Haga<br \/>\nAdrian Nordenborg, G\u00f6teborg, Masthugget<br \/>\nPer Bostr\u00f6m, Sk\u00f6vde<br \/>\nElisbet Str\u00f6mberg, Tj\u00f6rn<br \/>\nNatalie Birnbach, Trollh\u00e4ttan, <a href=\"https:\/\/www.instagram.com\/nataliebirnbach\" target=\"_blank\" rel=\"noopener\">nataliebirnbach<\/a><br \/>\nH\u00e5kan Karlsten, Vr\u00e5ng\u00f6<\/p>\n<h3 style=\"text-align: center;\">J\u00f6nk\u00f6ping<\/h3>\n<p style=\"text-align: center;\">Amir Faqiri, J\u00f6nk\u00f6ping<\/p>\n<h3 style=\"text-align: center;\">Gotland<\/h3>\n<p style=\"text-align: center;\">Tina Esbron, Gotland<\/p>\n<h3 style=\"text-align: center;\">\u00d6sterg\u00f6tland<\/h3>\n<p style=\"text-align: center;\">Anders Scharp, \u00c5tvidaberg<\/p>\n<h3 style=\"text-align: center;\">S\u00f6dermanland<\/h3>\n<p style=\"text-align: center;\">Torgny Steen, Trosa<\/p>\n<h3 style=\"text-align: center;\">Stockholm<\/h3>\n<p style=\"text-align: center;\">Selene Samuelsson Hedlund, Hammarby sj\u00f6stad<br \/>\nEmelie Eriksson, Huddinge<br \/>\nErik Ahlstr\u00f6m, Nacka<br \/>\nUlrika Hafstr\u00f6m, Nacka<br \/>\nMikael N\u00e4slund, Stockholm, Karlberg<br \/>\nTherese Forsberg, Stockholm, S\u00f6dermalm, <a href=\"https:\/\/www.instragram.com\/themasterrunner\" target=\"_blank\" rel=\"noopener\">themasterrunner<\/a><br \/>\nErik Huss, T\u00e4by<br \/>\nSofie Hellsing, Upplands v\u00e4sby<br \/>\nJenny Nilsson, Vallentuna, <a href=\"https:\/\/www.instagram.com\/livsnjutarjenny\" target=\"_blank\" rel=\"noopener\">livsnjutarjenny<\/a><br \/>\nG\u00f6ran Hellgren, \u00c4lvsj\u00f6<\/p>\n<h3 style=\"text-align: center;\">Uppland<\/h3>\n<p style=\"text-align: center;\">Maria Sandberg, Uppsala, <a href=\"https:\/\/www.instagram.com\/ploggingmom\" target=\"_blank\" rel=\"noopener\">ploggingmom<\/a><\/p>\n<h3 style=\"text-align: center;\">G\u00e4vleborg<\/h3>\n<p style=\"text-align: center;\">Jenny Lundberg Fr\u00f6jd, G\u00e4vle<\/p>\n<h3 style=\"text-align: center;\">Dalarna<\/h3>\n<p style=\"text-align: center;\">Johan Ryden, Mora<\/p>\n<h3 style=\"text-align: center;\">V\u00e4sternorrland<\/h3>\n<p style=\"text-align: center;\">Nina Jansson, Sundsvall<\/p>\n<h3 style=\"text-align: center;\">J\u00e4mtland H\u00e4rjedalen<\/h3>\n<p style=\"text-align: center;\">Lina Andersson, Sveg<br \/>\nReidmar Esbj\u00f6rn Rundberg, \u00c5re<\/p>\n\n\t\t<\/div>\n\t<\/div>\n<\/div><\/div><\/div><\/div><div class=\"wpb_column vc_column_container vc_col-sm-2 liquid-column-69e0f6de64da0\"><div class=\"vc_column-inner\"><div class=\"wpb_wrapper\"   ><div class=\"wpb_wrapper-inner\"><style>.ld_spacer_69e0f6de64e01{height:32px;}<\/style>\n<div class=\"ld-empty-space ld_spacer_69e0f6de64e01\"><span class=\"liquid_empty_space_inner\"><\/span><\/div><\/div><\/div><\/div><\/div><\/div><\/div><\/section><section data-parallax=\"true\" data-parallax-options='{\"parallaxBG\":true}' style=\"background-position:center center !important;\" data-bg-image=\"url\" class=\"vc_row wpb_row vc_row-fluid vc_custom_1622212056755 row-contains-padding-top row-contains-padding-bottom liquid-row-shadowbox-69e0f6de650ec vc_row-has-fill vc_row-has-bg\"><div class=\"ld-container container\"><div class=\"row ld-row\"><div class=\"wpb_column vc_column_container vc_col-sm-12 liquid-column-69e0f6de653b3\"><div class=\"vc_column-inner\"><div class=\"wpb_wrapper\"   ><div class=\"wpb_wrapper-inner\">\n\t<div class=\"wpb_text_column wpb_content_element\" >\n\t\t<div class=\"wpb_wrapper\">\n\t\t\t<h2 style=\"text-align: center;\">Have fun an go PLOGGING together!<\/h2>\n\n\t\t<\/div>\n\t<\/div>\n<\/div><\/div><\/div><\/div><\/div><\/div><\/section>\n<\/section>","protected":false},"excerpt":{"rendered":"V\u00e5ra milj\u00f6hj\u00e4ltar Plogga-ambassad\u00f6rerna \u00e4r v\u00e5ra aktiva hj\u00e4ltar som ordnar \u00e5terkommande Plogga-events v\u00e4rlden \u00f6ver. Bli Plogga-ambassad\u00f6r...","protected":false},"author":1,"featured_media":0,"parent":0,"menu_order":0,"comment_status":"closed","ping_status":"closed","template":"","meta":{"inline_featured_image":false,"footnotes":""},"_links":{"self":[{"href":"https:\/\/www.plogga.se\/en\/wp-json\/wp\/v2\/pages\/456"}],"collection":[{"href":"https:\/\/www.plogga.se\/en\/wp-json\/wp\/v2\/pages"}],"about":[{"href":"https:\/\/www.plogga.se\/en\/wp-json\/wp\/v2\/types\/page"}],"author":[{"embeddable":true,"href":"https:\/\/www.plogga.se\/en\/wp-json\/wp\/v2\/users\/1"}],"replies":[{"embeddable":true,"href":"https:\/\/www.plogga.se\/en\/wp-json\/wp\/v2\/comments?post=456"}],"version-history":[{"count":22,"href":"https:\/\/www.plogga.se\/en\/wp-json\/wp\/v2\/pages\/456\/revisions"}],"predecessor-version":[{"id":3134,"href":"https:\/\/www.plogga.se\/en\/wp-json\/wp\/v2\/pages\/456\/revisions\/3134"}],"wp:attachment":[{"href":"https:\/\/www.plogga.se\/en\/wp-json\/wp\/v2\/media?parent=456"}],"curies":[{"name":"wp","href":"https:\/\/api.w.org\/{rel}","templated":true}]}}