{"id":3068,"date":"2023-03-13T10:57:22","date_gmt":"2023-03-13T10:57:22","guid":{"rendered":"https:\/\/www.plogga.se\/?page_id=3068"},"modified":"2023-06-29T10:37:36","modified_gmt":"2023-06-29T08:37:36","slug":"utmaningar","status":"publish","type":"page","link":"https:\/\/www.plogga.se\/en\/utmaningar\/","title":{"rendered":"Competition"},"content":{"rendered":"<section class=\"wpb-content-wrapper\"><section data-parallax=\"true\" data-parallax-options='{\"parallaxBG\":true}' data-bg-image=\"url\" class=\"vc_row wpb_row vc_row-fluid vc_custom_1687291926150 liquid-row-shadowbox-69e0ec935ebef vc_row-has-fill vc_row-has-bg vc_row-o-content-middle vc_row-flex\"><div class=\"liquid-row-overlay\" style=\"background:rgba(0, 0, 0, 0.23)\"><\/div><div class=\"ld-container container-fluid\"><div class=\"row ld-row\"><div class=\"wpb_column vc_column_container vc_col-sm-12 liquid-column-69e0ec935f1a3\"><div class=\"vc_column-inner\"><div class=\"wpb_wrapper vc_custom_1580289839351\"   ><div class=\"wpb_wrapper-inner\"><style>.ld_spacer_69e0ec935f252{height:150px;}<\/style>\n<div class=\"ld-empty-space ld_spacer_69e0ec935f252\"><span class=\"liquid_empty_space_inner\"><\/span><\/div><div style=\"background-position:center bottom !important; background-attachment:;\" class=\"vc_row wpb_row vc_inner vc_row-fluid vc_custom_1574763186902 liquid-row-shadowbox-69e0ec935f798 vc_row-o-content-middle vc_row-flex\"><div class=\"wpb_column vc_column_container vc_col-sm-2 text-left liquid-column-69e0ec935fac2\" data-parallax=\"true\" data-parallax-options='{\"ease\":\"linear\",\"reverse\":true,\"triggerHook\":\"onEnter\"}'><div class=\"vc_column-inner\"><div class=\"wpb_wrapper\"  ><div class=\"wpb_wrapper-inner\"><style>.ld_spacer_69e0ec935fb3c{height:32px;}<\/style>\n<div class=\"ld-empty-space ld_spacer_69e0ec935fb3c\"><span class=\"liquid_empty_space_inner\"><\/span><\/div>\n\t<div class=\"wpb_text_column wpb_content_element\" >\n\t\t<div class=\"wpb_wrapper\">\n\t\t\t\n\t\t<\/div>\n\t<\/div>\n<\/div><\/div><\/div><\/div><div class=\"wpb_column vc_column_container vc_col-sm-8 liquid-column-69e0ec935fe62\"><div class=\"vc_column-inner\"><div class=\"wpb_wrapper\"  ><div class=\"wpb_wrapper-inner\"><style>.ld_fancy_heading_69e0ec935ff2a h1{color:rgb(255, 255, 255);}.ld_fancy_heading_69e0ec935ff2a .lqd-highlight-inner{height:0.275em;bottom:0px;}<\/style><div class=\"ld-fancy-heading text-left ld_fancy_heading_69e0ec935ff2a\">\n\t<h1 class=\"lqd-highlight-underline lqd-highlight-grow-left\" ><span class=\"ld-fh-txt\"> <span style=\"color: #ffffff\"><span>Compete and win<\/span><\/span><\/span><\/h1><\/div><\/div><\/div><\/div><\/div><div class=\"wpb_column vc_column_container vc_col-sm-2 liquid-column-69e0ec93602c3\"><div class=\"vc_column-inner\"><div class=\"wpb_wrapper\"  ><div class=\"wpb_wrapper-inner\"><style>.ld_fancy_heading_69e0ec9360370 .lqd-highlight-inner{height:0.275em;bottom:0px;}<\/style><div class=\"ld-fancy-heading ld_fancy_heading_69e0ec9360370\">\n\t<\/div><\/div><\/div><\/div><\/div><\/div><style>.ld_spacer_69e0ec9360487{height:150px;}<\/style>\n<div class=\"ld-empty-space ld_spacer_69e0ec9360487\"><span class=\"liquid_empty_space_inner\"><\/span><\/div><\/div><\/div><\/div><\/div><\/div><\/div><\/section><div class=\"vc_row-full-width vc_clearfix\"><\/div><style>@media (min-width: 768px) { .liquid-row-responsive-69e0ec936076c {padding-bottom:50px !important;  }  } @media (min-width: 992px) { .liquid-row-responsive-69e0ec936076c {padding-bottom:50px !important;  }  } @media (min-width: 1200px) { .liquid-row-responsive-69e0ec936076c {padding-bottom:50px !important;  }  }   <\/style><section class=\"vc_row wpb_row vc_row-fluid vc_custom_1687203614168 row-contains-padding-top row-contains-padding-bottom liquid-row-responsive-69e0ec936076c liquid-row-shadowbox-69e0ec936078a vc_row-o-content-middle vc_row-flex\"><div class=\"ld-container container\"><div class=\"row ld-row\"><div class=\"wpb_column vc_column_container vc_col-sm-2 liquid-column-69e0ec9360a56\"><div class=\"vc_column-inner\"><div class=\"wpb_wrapper\"   ><div class=\"wpb_wrapper-inner\"><style>.ld_spacer_69e0ec9360ac5{height:32px;}<\/style>\n<div class=\"ld-empty-space ld_spacer_69e0ec9360ac5\"><span class=\"liquid_empty_space_inner\"><\/span><\/div><\/div><\/div><\/div><\/div><div class=\"wpb_column vc_column_container vc_col-sm-8 liquid-column-69e0ec9360d68\"><div class=\"vc_column-inner\"><div class=\"wpb_wrapper\"   ><div class=\"wpb_wrapper-inner\">\n\t<div class=\"wpb_text_column wpb_content_element\" >\n\t\t<div class=\"wpb_wrapper\">\n\t\t\t<h3>Join our super fun challenge with Plogga and our friends at ActiveQuiz. Every 200 meter you Plog a new fun question will appear on the phone. Compete and win!<\/h3>\n\n\t\t<\/div>\n\t<\/div>\n<style>.ld_spacer_69e0ec9360e8d{height:32px;}<\/style>\n<div class=\"ld-empty-space ld_spacer_69e0ec9360e8d\"><span class=\"liquid_empty_space_inner\"><\/span><\/div><\/div><\/div><\/div><\/div><div class=\"wpb_column vc_column_container vc_col-sm-2 liquid-column-69e0ec9361102\"><div class=\"vc_column-inner\"><div class=\"wpb_wrapper\"   ><div class=\"wpb_wrapper-inner\"><style>.ld_spacer_69e0ec9361161{height:32px;}<\/style>\n<div class=\"ld-empty-space ld_spacer_69e0ec9361161\"><span class=\"liquid_empty_space_inner\"><\/span><\/div><\/div><\/div><\/div><\/div><\/div><\/div><\/section><section class=\"vc_row wpb_row vc_row-fluid vc_custom_1574544720260 row-contains-padding-top row-contains-padding-bottom liquid-row-shadowbox-69e0ec9361403 vc_row-o-content-middle vc_row-flex\"><div class=\"ld-container container\"><div class=\"row ld-row\"><div class=\"wpb_column vc_column_container vc_col-sm-2 liquid-column-69e0ec93616c0\"><div class=\"vc_column-inner\"><div class=\"wpb_wrapper\"   ><div class=\"wpb_wrapper-inner\"><style>.ld_spacer_69e0ec9361720{height:32px;}<\/style>\n<div class=\"ld-empty-space ld_spacer_69e0ec9361720\"><span class=\"liquid_empty_space_inner\"><\/span><\/div><\/div><\/div><\/div><\/div><div class=\"wpb_column vc_column_container vc_col-sm-8 liquid-column-69e0ec93619a8\"><div class=\"vc_column-inner\"><div class=\"wpb_wrapper\"   ><div class=\"wpb_wrapper-inner\">\n\t<div class=\"wpb_text_column wpb_content_element\" >\n\t\t<div class=\"wpb_wrapper\">\n\t\t\t<h1 class=\"section-headline animated bounceInLeft\" style=\"text-align: center;\" data-inviewport=\"true\" data-inviewport-class=\"bounceInLeft \" data-inviewport-delay=\"200\" data-inviewtimer=\"3\">Step by step - How to play<\/h1>\n\n\t\t<\/div>\n\t<\/div>\n<style>.ld_spacer_69e0ec9361acb{height:32px;}<\/style>\n<div class=\"ld-empty-space ld_spacer_69e0ec9361acb\"><span class=\"liquid_empty_space_inner\"><\/span><\/div>\n\t<div class=\"wpb_text_column wpb_content_element\" >\n\t\t<div class=\"wpb_wrapper\">\n\t\t\t<ol>\n<li><a href=\"https:\/\/www.activequiz.com\/get-the-app\">Get the app \"ActiveQuiz\" - Tap this link<\/a><\/li>\n<li>Type the QuizCode: <strong>PLOGGA<\/strong> h\u00f6gst upp i appen. N\u00e4r du har appen nedladdad kan du, i mobilen, klicka p\u00e5 knappen <strong>below<\/strong> to open directly in the app<br \/>\n<a href=\"activequiz:\/\/folder\/3673\"><img loading=\"lazy\" decoding=\"async\" class=\"alignnone size-full wp-image-3145\" src=\"https:\/\/www.plogga.se\/wp-content\/uploads\/2023\/06\/Oppna-i-appen-en.png\" alt=\"https:\/\/www.activequiz.com\" width=\"300\" height=\"200\" srcset=\"https:\/\/www.plogga.se\/wp-content\/uploads\/2023\/06\/Oppna-i-appen-en.png 300w, https:\/\/www.plogga.se\/wp-content\/uploads\/2023\/06\/Oppna-i-appen-en-18x12.png 18w\" sizes=\"(max-width: 300px) 100vw, 300px\" \/><\/a><\/li>\n<li>Swipe, Pick a quiz and \"Start\"<\/li>\n<li>Bring a plogging bag and start plogging!<\/li>\n<li>Questions will automatically appear every 200 meter during your plogging round<\/li>\n<li>In order to win cinema tickets - Register a profile when finishing the game. Good luck!<\/li>\n<\/ol>\n\n\t\t<\/div>\n\t<\/div>\n<\/div><\/div><\/div><\/div><div class=\"wpb_column vc_column_container vc_col-sm-2 liquid-column-69e0ec9361e65\"><div class=\"vc_column-inner\"><div class=\"wpb_wrapper\"   ><div class=\"wpb_wrapper-inner\"><style>.ld_spacer_69e0ec9361ebf{height:32px;}<\/style>\n<div class=\"ld-empty-space ld_spacer_69e0ec9361ebf\"><span class=\"liquid_empty_space_inner\"><\/span><\/div><\/div><\/div><\/div><\/div><\/div><\/div><\/section><section class=\"vc_row wpb_row vc_row-fluid vc_custom_1574544720260 row-contains-padding-top row-contains-padding-bottom liquid-row-shadowbox-69e0ec9362172 vc_row-o-content-middle vc_row-flex\"><div class=\"ld-container container\"><div class=\"row ld-row\"><div class=\"wpb_column vc_column_container vc_col-sm-2 liquid-column-69e0ec9362412\"><div class=\"vc_column-inner\"><div class=\"wpb_wrapper\"   ><div class=\"wpb_wrapper-inner\"><style>.ld_spacer_69e0ec936246f{height:32px;}<\/style>\n<div class=\"ld-empty-space ld_spacer_69e0ec936246f\"><span class=\"liquid_empty_space_inner\"><\/span><\/div><\/div><\/div><\/div><\/div><div class=\"wpb_column vc_column_container vc_col-sm-8 liquid-column-69e0ec93626ec\"><div class=\"vc_column-inner\"><div class=\"wpb_wrapper\"   ><div class=\"wpb_wrapper-inner\">\n\t<div class=\"wpb_text_column wpb_content_element\" >\n\t\t<div class=\"wpb_wrapper\">\n\t\t\t<h5 class=\"section-headline animated bounceInLeft\" style=\"text-align: center;\" data-inviewport=\"true\" data-inviewport-class=\"bounceInLeft \" data-inviewport-delay=\"200\" data-inviewtimer=\"3\">The competition: Details<\/h5>\n\n\t\t<\/div>\n\t<\/div>\n<style>.ld_spacer_69e0ec936280d{height:32px;}<\/style>\n<div class=\"ld-empty-space ld_spacer_69e0ec936280d\"><span class=\"liquid_empty_space_inner\"><\/span><\/div>\n\t<div class=\"wpb_text_column wpb_content_element\" >\n\t\t<div class=\"wpb_wrapper\">\n\t\t\t<p>Join our super fun challenge with Plogga and our friends at ActiveQuiz. Start a 2 km quiz in the app, put your phone in your pocket and a bag in your hand. Every 200 meter you Plog a new fun question will appear on the phone. Compete and win.<\/p>\n<ul>\n<li style=\"list-style-type: none;\">\n<ul>\n<li>If you want to win cinema tickets you need to register your result in an ActiveQuiz profile. Good luck!<\/li>\n<\/ul>\n<\/li>\n<\/ul>\n\n\t\t<\/div>\n\t<\/div>\n<\/div><\/div><\/div><\/div><div class=\"wpb_column vc_column_container vc_col-sm-2 liquid-column-69e0ec9362b52\"><div class=\"vc_column-inner\"><div class=\"wpb_wrapper\"   ><div class=\"wpb_wrapper-inner\"><style>.ld_spacer_69e0ec9362bb6{height:32px;}<\/style>\n<div class=\"ld-empty-space ld_spacer_69e0ec9362bb6\"><span class=\"liquid_empty_space_inner\"><\/span><\/div><\/div><\/div><\/div><\/div><\/div><\/div><\/section><section class=\"vc_row wpb_row vc_row-fluid vc_custom_1574544720260 row-contains-padding-top row-contains-padding-bottom liquid-row-shadowbox-69e0ec9362e5e vc_row-o-content-middle vc_row-flex\"><div class=\"ld-container container\"><div class=\"row ld-row\"><div class=\"wpb_column vc_column_container vc_col-sm-2 liquid-column-69e0ec93630f4\"><div class=\"vc_column-inner\"><div class=\"wpb_wrapper\"   ><div class=\"wpb_wrapper-inner\"><style>.ld_spacer_69e0ec936315d{height:32px;}<\/style>\n<div class=\"ld-empty-space ld_spacer_69e0ec936315d\"><span class=\"liquid_empty_space_inner\"><\/span><\/div><\/div><\/div><\/div><\/div><div class=\"wpb_column vc_column_container vc_col-sm-8 liquid-column-69e0ec93633d6\"><div class=\"vc_column-inner\"><div class=\"wpb_wrapper\"   ><div class=\"wpb_wrapper-inner\"><style>.ld_spacer_69e0ec9363440{height:32px;}<\/style>\n<div class=\"ld-empty-space ld_spacer_69e0ec9363440\"><span class=\"liquid_empty_space_inner\"><\/span><\/div>\n\t<div class=\"wpb_text_column wpb_content_element\" >\n\t\t<div class=\"wpb_wrapper\">\n\t\t\t<h5 class=\"section-headline animated bounceInLeft\" style=\"text-align: center;\" data-inviewport=\"true\" data-inviewport-class=\"bounceInLeft \" data-inviewport-delay=\"200\" data-inviewtimer=\"3\">Competition terms &amp; conditions<\/h5>\n\n\t\t<\/div>\n\t<\/div>\n\n\t<div class=\"wpb_text_column wpb_content_element\" >\n\t\t<div class=\"wpb_wrapper\">\n\t\t\t<p><strong><br \/>\n<\/strong><br \/>\n<em>Plogga and ActiveQuiz are joint hosts for the competition. Anyone who completes a quiz round in the app and links the result to a free profile in the app has a chance to win through their engagement based on points. So that it is not about getting the most points, we have selected a number of winning numbers in advance based on positions on the leaderboard. You therefore have an equal chance of winning if you end up further down the leaderboard. Profits are available in the form of biobijets to a value of SEK 150. The competition runs from July 1st 2023 and at least until 30 September 2023 or as long as this information is available.\nSocial media\nLike us on Facebook for updates on Plogging events, lectures, as well as to get in touch with other Ploggers. Or follow us on Instagram to keep up with everything going on in the world of Plogga!<\/em><\/p>\n\n\t\t<\/div>\n\t<\/div>\n<\/div><\/div><\/div><\/div><div class=\"wpb_column vc_column_container vc_col-sm-2 liquid-column-69e0ec9363818\"><div class=\"vc_column-inner\"><div class=\"wpb_wrapper\"   ><div class=\"wpb_wrapper-inner\"><style>.ld_spacer_69e0ec9363873{height:32px;}<\/style>\n<div class=\"ld-empty-space ld_spacer_69e0ec9363873\"><span class=\"liquid_empty_space_inner\"><\/span><\/div><\/div><\/div><\/div><\/div><\/div><\/div><\/section>\n<\/section>","protected":false},"excerpt":{"rendered":"T\u00e4vla och vinn H\u00e4ng med p\u00e5 en tokrolig utmaning ihop med Plogga och v\u00e5ra v\u00e4nner...","protected":false},"author":3,"featured_media":0,"parent":0,"menu_order":0,"comment_status":"closed","ping_status":"closed","template":"","meta":{"inline_featured_image":false,"footnotes":""},"_links":{"self":[{"href":"https:\/\/www.plogga.se\/en\/wp-json\/wp\/v2\/pages\/3068"}],"collection":[{"href":"https:\/\/www.plogga.se\/en\/wp-json\/wp\/v2\/pages"}],"about":[{"href":"https:\/\/www.plogga.se\/en\/wp-json\/wp\/v2\/types\/page"}],"author":[{"embeddable":true,"href":"https:\/\/www.plogga.se\/en\/wp-json\/wp\/v2\/users\/3"}],"replies":[{"embeddable":true,"href":"https:\/\/www.plogga.se\/en\/wp-json\/wp\/v2\/comments?post=3068"}],"version-history":[{"count":38,"href":"https:\/\/www.plogga.se\/en\/wp-json\/wp\/v2\/pages\/3068\/revisions"}],"predecessor-version":[{"id":3161,"href":"https:\/\/www.plogga.se\/en\/wp-json\/wp\/v2\/pages\/3068\/revisions\/3161"}],"wp:attachment":[{"href":"https:\/\/www.plogga.se\/en\/wp-json\/wp\/v2\/media?parent=3068"}],"curies":[{"name":"wp","href":"https:\/\/api.w.org\/{rel}","templated":true}]}}