{"id":2871,"date":"2021-08-26T20:36:20","date_gmt":"2021-08-26T20:36:20","guid":{"rendered":"https:\/\/www.plogga.se\/?page_id=2871"},"modified":"2023-06-19T20:34:56","modified_gmt":"2023-06-19T18:34:56","slug":"produkter","status":"publish","type":"page","link":"https:\/\/www.plogga.se\/en\/produkter\/","title":{"rendered":"Products"},"content":{"rendered":"<section class=\"wpb-content-wrapper\"><section data-parallax=\"true\" data-parallax-options='{\"parallaxBG\":true}' style=\"background-position:center center !important;\" data-bg-image=\"url\" class=\"vc_row wpb_row vc_row-fluid vc_custom_1630441552400 liquid-row-shadowbox-69f6765829771 vc_row-has-fill vc_row-has-bg vc_row-o-full-height vc_row-o-columns-middle vc_row-flex\"><div class=\"liquid-row-overlay\" style=\"background:rgba(0, 0, 0, 0.23)\"><\/div><div class=\"ld-container container\"><div class=\"row ld-row\"><div class=\"wpb_column vc_column_container vc_col-sm-12 liquid-column-69f6765829d79\"><div class=\"vc_column-inner\"><div class=\"wpb_wrapper vc_custom_1580289839351\"   ><div class=\"wpb_wrapper-inner\"><div style=\"background-position:center bottom !important; background-attachment:;\" class=\"vc_row wpb_row vc_inner vc_row-fluid vc_custom_1574763186902 liquid-row-shadowbox-69f676582a027 vc_row-o-content-middle vc_row-flex\"><div class=\"wpb_column vc_column_container vc_col-sm-2 text-left liquid-column-69f676582a2fe\" data-parallax=\"true\" data-parallax-options='{\"ease\":\"linear\",\"reverse\":true,\"triggerHook\":\"onEnter\"}'><div class=\"vc_column-inner\"><div class=\"wpb_wrapper\"  ><div class=\"wpb_wrapper-inner\"><style>.ld_spacer_69f676582a37b{height:32px;}<\/style>\n<div class=\"ld-empty-space ld_spacer_69f676582a37b\"><span class=\"liquid_empty_space_inner\"><\/span><\/div><style>.ld_spacer_69f676582a417{height:32px;}<\/style>\n<div class=\"ld-empty-space ld_spacer_69f676582a417\"><span class=\"liquid_empty_space_inner\"><\/span><\/div>\n\t<div class=\"wpb_text_column wpb_content_element\" >\n\t\t<div class=\"wpb_wrapper\">\n\t\t\t\n\t\t<\/div>\n\t<\/div>\n<\/div><\/div><\/div><\/div><div class=\"wpb_column vc_column_container vc_col-sm-8 liquid-column-69f676582a6e9\"><div class=\"vc_column-inner\"><div class=\"wpb_wrapper\"  ><div class=\"wpb_wrapper-inner\"><style>.ld_fancy_heading_69f676582a7bf h1{color:rgb(255, 255, 255);}.ld_fancy_heading_69f676582a7bf h1 {padding-right:10px !important; padding-left:10px !important;  } .ld_fancy_heading_69f676582a7bf .lqd-highlight-inner{height:0.275em;bottom:0px;}.ld_fancy_heading_69f676582a7bf h1 {padding-right:10px !important; padding-left:10px !important;  } <\/style><div class=\"ld-fancy-heading text-left ld_fancy_heading_69f676582a7bf\">\n\t<h1 class=\"lqd-highlight-underline lqd-highlight-grow-left\" ><span class=\"ld-fh-txt\"> <\/p>\n<h1><span style=\"color: #ffffff\">Make it easy for people to pick up litter with Plogga's products!<\/span><\/h1>\n<p><\/span><\/h1><\/div><\/div><\/div><\/div><\/div><div class=\"wpb_column vc_column_container vc_col-sm-2 liquid-column-69f676582ab76\"><div class=\"vc_column-inner\"><div class=\"wpb_wrapper\"  ><div class=\"wpb_wrapper-inner\"><style>.ld_spacer_69f676582abdd{height:32px;}<\/style>\n<div class=\"ld-empty-space ld_spacer_69f676582abdd\"><span class=\"liquid_empty_space_inner\"><\/span><\/div><style>.ld_fancy_heading_69f676582ac93 .lqd-highlight-inner{height:0.275em;bottom:0px;}<\/style><div class=\"ld-fancy-heading ld_fancy_heading_69f676582ac93\">\n\t<\/div><\/div><\/div><\/div><\/div><\/div><style>.ld_spacer_69f676582ada0{height:150px;}<\/style>\n<div class=\"ld-empty-space ld_spacer_69f676582ada0\"><span class=\"liquid_empty_space_inner\"><\/span><\/div><\/div><\/div><\/div><\/div><\/div><\/div><\/section><section class=\"vc_row wpb_row vc_row-fluid vc_custom_1619626643664 row-contains-padding-top liquid-row-shadowbox-69f676582b082 vc_row-o-content-middle vc_row-flex\"><div class=\"ld-container container\"><div class=\"row ld-row\"><div class=\"wpb_column vc_column_container vc_col-sm-12 liquid-column-69f676582b34f\"><div class=\"vc_column-inner\"><div class=\"wpb_wrapper\"   ><div class=\"wpb_wrapper-inner\">\n\t<div class=\"wpb_text_column wpb_content_element\" >\n\t\t<div class=\"wpb_wrapper\">\n\t\t\t<h2 class=\"section-headline animated bounceInLeft\" style=\"text-align: center;\" data-inviewport=\"true\" data-inviewport-class=\"bounceInLeft \" data-inviewport-delay=\"200\" data-inviewtimer=\"3\">MAKE IT EASY TO DO WHAT\u2019S RIGHT<\/h2>\n\n\t\t<\/div>\n\t<\/div>\n<\/div><\/div><\/div><\/div><\/div><\/div><\/section><style>@media (min-width: 768px) { .liquid-row-responsive-69f676582b6c7 {padding-bottom:50px !important;  }  } @media (min-width: 992px) { .liquid-row-responsive-69f676582b6c7 {padding-bottom:50px !important;  }  } @media (min-width: 1200px) { .liquid-row-responsive-69f676582b6c7 {padding-bottom:50px !important;  }  }   <\/style><section class=\"vc_row wpb_row vc_row-fluid vc_custom_1619626670762 row-contains-padding-bottom liquid-row-responsive-69f676582b6c7 liquid-row-shadowbox-69f676582b6e5 vc_row-o-content-middle vc_row-flex\"><div class=\"ld-container container\"><div class=\"row ld-row\"><div class=\"wpb_column vc_column_container vc_col-sm-2 liquid-column-69f676582b9a2\"><div class=\"vc_column-inner\"><div class=\"wpb_wrapper\"   ><div class=\"wpb_wrapper-inner\"><style>.ld_spacer_69f676582ba02{height:32px;}<\/style>\n<div class=\"ld-empty-space ld_spacer_69f676582ba02\"><span class=\"liquid_empty_space_inner\"><\/span><\/div><\/div><\/div><\/div><\/div><div class=\"wpb_column vc_column_container vc_col-sm-8 liquid-column-69f676582bc97\"><div class=\"vc_column-inner\"><div class=\"wpb_wrapper\"   ><div class=\"wpb_wrapper-inner\">\n\t<div class=\"wpb_text_column wpb_content_element\" >\n\t\t<div class=\"wpb_wrapper\">\n\t\t\t<div class=\"page\" title=\"Page 2\">\n<div class=\"section\">\n<div class=\"layoutArea\">\n<div class=\"column\">\n<p>From Plogga's collaboration with <a href=\"https:\/\/www.thiswayprodukter.com\/\">This Way Products<\/a> have come products that encourage people to pick up their own and other people's litter in a fun and playful way. The three signature products are called <strong>PLOGGIS, FIMPIS &amp; SNACKIS.<\/strong><\/p>\n<p>To tackle the problem of litter, more people must take part! And by encouraging people to take part, companies and councils can help others join their efforts! These products encourage people to pick up litter while they're on the move. They're designed to reach the kind of people who are already out and about in their cities and in nature, as opposed to physically inactive people who spend all day on social media.<\/p>\n<p>Imagine some <strong>PLOGGIS<\/strong> with free litter bags and encouraging messages along walking trails, or a few <strong>FIMPIS<\/strong> outside the city's pubs and bars encouraging people to use their cigarette butts to take part in polls, instead of throwing them on the ground. The finishing touch is <strong>SNACKIS,<\/strong> positioned above our other products to make them easy to locate.<\/p>\n<p><strong>Invest in our smart products and become an environment hero!<\/strong><\/p>\n<\/div>\n<\/div>\n<\/div>\n<\/div>\n\n\t\t<\/div>\n\t<\/div>\n<style>.ld_spacer_69f676582be36{height:50px;}<\/style>\n<div class=\"ld-empty-space ld_spacer_69f676582be36\"><span class=\"liquid_empty_space_inner\"><\/span><\/div><div class=\"vc_btn3-container vc_btn3-center\" ><a class=\"vc_general vc_btn3 vc_btn3-size-lg vc_btn3-shape-rounded vc_btn3-style-modern vc_btn3-color-pink\" href=\"https:\/\/www.plogga.se\/en\/kontakt\/\" title=\"Contact\">Get a quotation<\/a><\/div><\/div><\/div><\/div><\/div><div class=\"wpb_column vc_column_container vc_col-sm-2 liquid-column-69f676582c334\"><div class=\"vc_column-inner\"><div class=\"wpb_wrapper\"   ><div class=\"wpb_wrapper-inner\"><style>.ld_spacer_69f676582c396{height:32px;}<\/style>\n<div class=\"ld-empty-space ld_spacer_69f676582c396\"><span class=\"liquid_empty_space_inner\"><\/span><\/div><\/div><\/div><\/div><\/div><\/div><\/div><\/section><section class=\"vc_row wpb_row vc_row-fluid liquid-row-shadowbox-69f676582c63c vc_row-o-equal-height vc_row-flex\"><div class=\"ld-container container\"><div class=\"row ld-row\"><div class=\"wpb_column vc_column_container vc_col-sm-4 liquid-column-69f676582c8f1\"><div class=\"vc_column-inner\"><div class=\"wpb_wrapper\"   ><div class=\"wpb_wrapper-inner\"><div class=\"vc-hoverbox-wrapper  vc-hoverbox-shape--rounded vc-hoverbox-align--center vc-hoverbox-direction--default vc-hoverbox-width--100\"  ontouchstart=\"\">\n  <div class=\"vc-hoverbox\">\n    <div class=\"vc-hoverbox-inner\">\n      <div class=\"vc-hoverbox-block vc-hoverbox-front\" style=\"background-image: url(https:\/\/www.plogga.se\/wp-content\/uploads\/2021\/08\/DSC04523-1-683x1024.jpg);\">\n        <div class=\"vc-hoverbox-block-inner vc-hoverbox-front-inner\">\n            <h2 style=\"text-align:center\">PLOGGIS<\/h2>\n        <\/div>\n      <\/div>\n      <div class=\"vc-hoverbox-block vc-hoverbox-back\" style=\"background-color: #ebebeb;\">\n        <div class=\"vc-hoverbox-block-inner vc-hoverbox-back-inner\">\n            <h2 style=\"text-align:center\">PLOGGIS<\/h2>\n            <div class=\"page\" title=\"Page 3\">\n<div class=\"section\">\n<div class=\"layoutArea\">\n<div class=\"column\">\n<p style=\"text-align: center;\" class=\"translation-block\">Reduce littering with our litter bag stations.\u00a0<strong>PLOGGIS<\/strong> decals encourage viewers to do the right thing. They include your logo and a QR code with a link to your environment policy. Make it easy to do what's right!<\/p>\n<p style=\"text-align: center;\" class=\"translation-block\"><em><strong>PLOGGIS<\/strong> including logo + unique QR code<br>\n<strong>199 \u20ac<\/strong><br>\n+ delivery &amp; VAT<\/em><\/p>\n<p style=\"text-align: center;\" class=\"translation-block\"><em>Box with 1,500 bags made of 100% recycled plastic<br>\n<strong>229 \u20ac<\/strong><br>\n+ VAT<\/em><\/p>\n<\/div>\n<\/div>\n<\/div>\n<\/div>\n\n            \n        <\/div>\n      <\/div>\n    <\/div>\n  <\/div>\n<\/div><style>.ld_spacer_69f676582ceed{height:50px;}<\/style>\n<div class=\"ld-empty-space ld_spacer_69f676582ceed\"><span class=\"liquid_empty_space_inner\"><\/span><\/div><\/div><\/div><\/div><\/div><div class=\"wpb_column vc_column_container vc_col-sm-4 liquid-column-69f676582d20e\"><div class=\"vc_column-inner\"><div class=\"wpb_wrapper\"   ><div class=\"wpb_wrapper-inner\"><div class=\"vc-hoverbox-wrapper  vc-hoverbox-shape--rounded vc-hoverbox-align--center vc-hoverbox-direction--default vc-hoverbox-width--100\"  ontouchstart=\"\">\n  <div class=\"vc-hoverbox\">\n    <div class=\"vc-hoverbox-inner\">\n      <div class=\"vc-hoverbox-block vc-hoverbox-front\" style=\"background-image: url(https:\/\/www.plogga.se\/wp-content\/uploads\/2021\/08\/Ska\u0308rmavbild-2021-08-26-kl.-22.01.51.png);\">\n        <div class=\"vc-hoverbox-block-inner vc-hoverbox-front-inner\">\n            <h2 style=\"text-align:center\">FIMPIS<\/h2>\n        <\/div>\n      <\/div>\n      <div class=\"vc-hoverbox-block vc-hoverbox-back\" style=\"background-color: #ebebeb;\">\n        <div class=\"vc-hoverbox-block-inner vc-hoverbox-back-inner\">\n            <h2 style=\"text-align:center\">FIMPIS<\/h2>\n            <div class=\"page\" title=\"Page 3\">\n<div class=\"section\">\n<div class=\"layoutArea\">\n<div class=\"column\">\n<p style=\"text-align: center;\"><strong>FIMPIS<\/strong> encourages people to stub out their cigarettes cleanly by voting for their preferred option from two \u2013 with their cigarette butt. It encourages users to dispose of their cigarette butts in the <strong>FIMPIS<\/strong> unit, and to pick up other's butts from the ground.\u00a0Create your own polls, or subscribe and get new questions regularly to keep people interested.<\/p>\n<p style=\"text-align: center;\" class=\"translation-block\"><em><strong>FIMPIS<\/strong> including logo + unique QR code<br>\n<strong>399 \u20ac<\/strong><br>\n+ delivery &amp; VAT<\/em><\/p>\n<p>Subscription to decals with new questions<br \/>\n<strong>Get quotation<\/strong><\/p>\n<\/div>\n<\/div>\n<\/div>\n<\/div>\n\n            \n        <\/div>\n      <\/div>\n    <\/div>\n  <\/div>\n<\/div><style>.ld_spacer_69f676582d6cc{height:50px;}<\/style>\n<div class=\"ld-empty-space ld_spacer_69f676582d6cc\"><span class=\"liquid_empty_space_inner\"><\/span><\/div><\/div><\/div><\/div><\/div><div class=\"wpb_column vc_column_container vc_col-sm-4 liquid-column-69f676582d9ea\"><div class=\"vc_column-inner\"><div class=\"wpb_wrapper\"   ><div class=\"wpb_wrapper-inner\"><div class=\"vc-hoverbox-wrapper  vc-hoverbox-shape--rounded vc-hoverbox-align--center vc-hoverbox-direction--default vc-hoverbox-width--100\"  ontouchstart=\"\">\n  <div class=\"vc-hoverbox\">\n    <div class=\"vc-hoverbox-inner\">\n      <div class=\"vc-hoverbox-block vc-hoverbox-front\" style=\"background-image: url(https:\/\/www.plogga.se\/wp-content\/uploads\/2021\/08\/DSC04518-1-1024x683.jpg);\">\n        <div class=\"vc-hoverbox-block-inner vc-hoverbox-front-inner\">\n            <h2 style=\"text-align:center\">SNACKIS,<\/h2>\n        <\/div>\n      <\/div>\n      <div class=\"vc-hoverbox-block vc-hoverbox-back\" style=\"background-color: #ebebeb;\">\n        <div class=\"vc-hoverbox-block-inner vc-hoverbox-back-inner\">\n            <h2 style=\"text-align:center\">SNACKIS,<\/h2>\n            <div class=\"page\" title=\"Page 3\">\n<div class=\"section\">\n<div class=\"layoutArea\">\n<div class=\"column\">\n<p style=\"text-align: center;\">The finishing touch! Place <strong>SNACKIS<\/strong> just above <strong>FIMPIS<\/strong> and <strong>PLOGGIS<\/strong> to highlight the importance of picking up litter and make the products more visible and intriguing. Can be supplemented with your logo and message. It's all about communicating important information!<\/p>\n<p><em><strong>SNACKIS<\/strong> including Plogga-message &amp; bracket<br \/>\n<\/em><em><strong>99 \u20ac<br \/>\n<\/strong><\/em><em>+ delivery &amp; VAT<\/em><\/p>\n<\/div>\n<\/div>\n<\/div>\n<\/div>\n\n            \n        <\/div>\n      <\/div>\n    <\/div>\n  <\/div>\n<\/div><style>.ld_spacer_69f676582de82{height:50px;}<\/style>\n<div class=\"ld-empty-space ld_spacer_69f676582de82\"><span class=\"liquid_empty_space_inner\"><\/span><\/div><\/div><\/div><\/div><\/div><\/div><\/div><\/section><section style=\"background-position:center center !important;\" data-bg-image=\"url\" class=\"vc_row wpb_row vc_row-fluid vc_custom_1630441798520 row-contains-padding-top row-contains-padding-bottom liquid-row-shadowbox-69f676582e1f1 vc_row-has-fill vc_row-has-bg vc_row-o-content-middle vc_row-flex\"><div class=\"ld-container container\"><div class=\"row ld-row\"><div class=\"wpb_column vc_column_container vc_col-sm-2 liquid-column-69f676582e49e\"><div class=\"vc_column-inner\"><div class=\"wpb_wrapper\"   ><div class=\"wpb_wrapper-inner\"><style>.ld_spacer_69f676582e4f9{height:32px;}<\/style>\n<div class=\"ld-empty-space ld_spacer_69f676582e4f9\"><span class=\"liquid_empty_space_inner\"><\/span><\/div><\/div><\/div><\/div><\/div><div class=\"wpb_column vc_column_container vc_col-sm-8 liquid-column-69f676582e79f\"><div class=\"vc_column-inner\"><div class=\"wpb_wrapper\"   ><div class=\"wpb_wrapper-inner\">\n\t<div class=\"wpb_text_column wpb_content_element\" >\n\t\t<div class=\"wpb_wrapper\">\n\t\t\t<h1 class=\"section-headline animated bounceInLeft\" style=\"text-align: center;\" data-inviewport=\"true\" data-inviewport-class=\"bounceInLeft \" data-inviewport-delay=\"200\" data-inviewtimer=\"3\"><span style=\"color: #ffffff;\">Download brochure<\/span><\/h1>\n\n\t\t<\/div>\n\t<\/div>\n\n\t<div class=\"wpb_text_column wpb_content_element\" >\n\t\t<div class=\"wpb_wrapper\">\n\t\t\t<p><span style=\"color: #ffffff;\">Download our brochure and contact us if you have any questions!\u00a0<\/span><\/p>\n\n\t\t<\/div>\n\t<\/div>\n<style>.ld_spacer_69f676582e978{height:50px;}<\/style>\n<div class=\"ld-empty-space ld_spacer_69f676582e978\"><span class=\"liquid_empty_space_inner\"><\/span><\/div><div class=\"vc_btn3-container vc_btn3-center\" ><a class=\"vc_general vc_btn3 vc_btn3-size-lg vc_btn3-shape-rounded vc_btn3-style-modern vc_btn3-color-pink\" href=\"https:\/\/www.plogga.se\/wp-content\/uploads\/2021\/10\/Brochure-Plogga-English.pdf\" title=\"Brochure\" target=\"_blank\">Brochure<\/a><\/div><div class=\"vc_btn3-container vc_btn3-center\" ><a class=\"vc_general vc_btn3 vc_btn3-size-lg vc_btn3-shape-rounded vc_btn3-style-modern vc_btn3-color-white\" href=\"https:\/\/www.plogga.se\/en\/kontakt\/\" title=\"Contact\">More info &amp; quotation<\/a><\/div><\/div><\/div><\/div><\/div><div class=\"wpb_column vc_column_container vc_col-sm-2 liquid-column-69f676582eef9\"><div class=\"vc_column-inner\"><div class=\"wpb_wrapper\"   ><div class=\"wpb_wrapper-inner\"><style>.ld_spacer_69f676582ef5a{height:32px;}<\/style>\n<div class=\"ld-empty-space ld_spacer_69f676582ef5a\"><span class=\"liquid_empty_space_inner\"><\/span><\/div><\/div><\/div><\/div><\/div><\/div><\/div><\/section>\n<\/section>","protected":false},"excerpt":{"rendered":"Kommunicera ert milj\u00f6arbete och underl\u00e4tta upplockning med Ploggas produkter! G\u00d6R DET L\u00c4TT ATT G\u00d6RA R\u00c4TT...","protected":false},"author":3,"featured_media":0,"parent":0,"menu_order":0,"comment_status":"closed","ping_status":"closed","template":"","meta":{"inline_featured_image":false,"footnotes":""},"_links":{"self":[{"href":"https:\/\/www.plogga.se\/en\/wp-json\/wp\/v2\/pages\/2871"}],"collection":[{"href":"https:\/\/www.plogga.se\/en\/wp-json\/wp\/v2\/pages"}],"about":[{"href":"https:\/\/www.plogga.se\/en\/wp-json\/wp\/v2\/types\/page"}],"author":[{"embeddable":true,"href":"https:\/\/www.plogga.se\/en\/wp-json\/wp\/v2\/users\/3"}],"replies":[{"embeddable":true,"href":"https:\/\/www.plogga.se\/en\/wp-json\/wp\/v2\/comments?post=2871"}],"version-history":[{"count":16,"href":"https:\/\/www.plogga.se\/en\/wp-json\/wp\/v2\/pages\/2871\/revisions"}],"predecessor-version":[{"id":2889,"href":"https:\/\/www.plogga.se\/en\/wp-json\/wp\/v2\/pages\/2871\/revisions\/2889"}],"wp:attachment":[{"href":"https:\/\/www.plogga.se\/en\/wp-json\/wp\/v2\/media?parent=2871"}],"curies":[{"name":"wp","href":"https:\/\/api.w.org\/{rel}","templated":true}]}}