{"id":2709,"date":"2021-04-26T09:16:17","date_gmt":"2021-04-26T09:16:17","guid":{"rendered":"https:\/\/www.plogga.se\/?page_id=2709"},"modified":"2025-11-22T15:27:31","modified_gmt":"2025-11-22T14:27:31","slug":"hem-2021","status":"publish","type":"page","link":"https:\/\/www.plogga.se\/en\/","title":{"rendered":"Hem 2024"},"content":{"rendered":"<section class=\"wpb-content-wrapper\"><section data-parallax=\"true\" data-parallax-options='{\"parallaxBG\":true}' data-slideshow-bg=\"true\" data-slideshow-options='{\"delay\":1000,\"imageArray\":[{\"src\":\"https:\\\/\\\/www.plogga.se\\\/wp-content\\\/uploads\\\/2024\\\/01\\\/Plogga-Event-Vastkusten-Sverige.jpg\",\"alt\":\"Row Background Image\"},{\"src\":\"https:\\\/\\\/www.plogga.se\\\/wp-content\\\/uploads\\\/2024\\\/01\\\/Plogga-i-Goteborg-vid-kanalen-scaled.jpg\",\"alt\":\"Row Background Image\"},{\"src\":\"https:\\\/\\\/www.plogga.se\\\/wp-content\\\/uploads\\\/2024\\\/01\\\/Plogga-Moskva-vinst-\\u2013-Erik-Ahstrom.jpg\",\"alt\":\"Row Background Image\"},{\"src\":\"https:\\\/\\\/www.plogga.se\\\/wp-content\\\/uploads\\\/2024\\\/01\\\/Plogga-Aktivitet-scaled.jpg\",\"alt\":\"Row Background Image\"},{\"src\":\"https:\\\/\\\/www.plogga.se\\\/wp-content\\\/uploads\\\/2024\\\/01\\\/erik-plogga-cropped.png\",\"alt\":\"Row Background Image\"}]}' class=\"vc_row wpb_row vc_row-fluid liquid-row-shadowbox-69e6ae8a5314c vc_row-has-fill vc_row-o-full-height vc_row-o-columns-middle vc_row-o-content-middle vc_row-flex\"><div class=\"liquid-row-overlay\" style=\"background:rgba(0, 0, 0, 0.5)\"><\/div><div class=\"ld-container container-fluid\"><div class=\"row ld-row\"><div class=\"wpb_column vc_column_container vc_col-sm-12 liquid-column-69e6ae8a5411b\"><div class=\"vc_column-inner\"><div class=\"wpb_wrapper vc_custom_1721125907283\"   ><div class=\"wpb_wrapper-inner\"><style>.ld_spacer_69e6ae8a541b2{height:150px;}<\/style>\n<div class=\"ld-empty-space ld_spacer_69e6ae8a541b2\"><span class=\"liquid_empty_space_inner\"><\/span><\/div><\/div><\/div><\/div><\/div><div class=\"wpb_column vc_column_container vc_col-sm-12 liquid-column-69e6ae8a544fb\"><div class=\"vc_column-inner\"><div class=\"wpb_wrapper \"   ><div class=\"wpb_wrapper-inner\"><div style=\"background-position:center bottom !important; background-attachment:;\" class=\"vc_row wpb_row vc_inner vc_row-fluid vc_custom_1574544067607 liquid-row-shadowbox-69e6ae8a54746 vc_row-o-content-middle vc_row-flex\"><div class=\"wpb_column vc_column_container vc_col-sm-2 text-left liquid-column-69e6ae8a549f0\" data-parallax=\"true\" data-parallax-options='{\"ease\":\"linear\",\"reverse\":true,\"triggerHook\":\"onEnter\"}'><div class=\"vc_column-inner\"><div class=\"wpb_wrapper \"  ><div class=\"wpb_wrapper-inner\"><style>.ld_spacer_69e6ae8a54a59{height:32px;}<\/style>\n<div class=\"ld-empty-space ld_spacer_69e6ae8a54a59\"><span class=\"liquid_empty_space_inner\"><\/span><\/div><\/div><\/div><\/div><\/div><div class=\"wpb_column vc_column_container vc_col-sm-8 liquid-column-69e6ae8a54cc1\"><div class=\"vc_column-inner\"><div class=\"wpb_wrapper \"  ><div class=\"wpb_wrapper-inner\"><style>.ld_spacer_69e6ae8a54d32{height:32px;}<\/style>\n<div class=\"ld-empty-space ld_spacer_69e6ae8a54d32\"><span class=\"liquid_empty_space_inner\"><\/span><\/div><style>.ld_fancy_heading_69e6ae8a54e0b h1{font-size:80px;line-height:1.136;font-weight:700;letter-spacing:-0.01em;color:rgb(255, 255, 255);}@media (min-width: 992px) { .ld_fancy_heading_69e6ae8a54e0b h1 {padding-right:5% !important;  }  } .ld_fancy_heading_69e6ae8a54e0b h1 {margin-bottom:25px !important;  } .ld_fancy_heading_69e6ae8a54e0b .lqd-highlight-inner{height:0.275em;bottom:0px;}@media (min-width: 992px) { .ld_fancy_heading_69e6ae8a54e0b h1 {padding-right:5% !important;  }  } .ld_fancy_heading_69e6ae8a54e0b h1 {margin-bottom:25px !important;  } <\/style><div class=\"ld-fancy-heading text-left ld_fancy_heading_69e6ae8a54e0b\">\n\t<h1 class=\"lqd-highlight-underline lqd-highlight-fadein\" data-fittext=\"true\" data-fittext-options='{\"compressor\":0.75,\"maxFontSize\":\"currentFontSize\",\"minFontSize\":\"48\"}' data-split-text=\"true\" data-custom-animations=\"true\" data-ca-options='{\"triggerHandler\":\"inview\",\"animationTarget\":\".lqd-words .split-inner\",\"duration\":700,\"delay\":100,\"easing\":\"easeOutQuint\",\"direction\":\"forward\",\"initValues\":{\"scale\":1},\"animations\":{\"scale\":1}}' data-split-options='{\"type\":\"words\"}'><span class=\"ld-fh-txt\"> Plogga \u2013\u00a0Milj\u00f6- och h\u00e4lsor\u00f6relsen fr\u00e5n\u00a0Sverige\u00a0som st\u00e4dar upp v\u00e4rlden!<\/span><\/h1><\/div><\/div><\/div><\/div><\/div><div class=\"wpb_column vc_column_container vc_col-sm-2 liquid-column-69e6ae8a5577e\"><div class=\"vc_column-inner\"><div class=\"wpb_wrapper \"  ><div class=\"wpb_wrapper-inner\"><style>.ld_spacer_69e6ae8a557f8{height:32px;}<\/style>\n<div class=\"ld-empty-space ld_spacer_69e6ae8a557f8\"><span class=\"liquid_empty_space_inner\"><\/span><\/div><\/div><\/div><\/div><\/div><\/div><\/div><\/div><\/div><\/div><\/div><\/div><\/section><div class=\"vc_row-full-width vc_clearfix\"><\/div><section class=\"vc_row wpb_row vc_row-fluid vc_custom_1580288305010 row-contains-padding-top row-contains-padding-bottom liquid-row-shadowbox-69e6ae8a55b82 vc_row-o-content-middle vc_row-flex\"><div class=\"ld-container container\"><div class=\"row ld-row\"><div class=\"wpb_column vc_column_container vc_col-sm-6 liquid-column-69e6ae8a55ef2\"><div class=\"vc_column-inner\"><div class=\"wpb_wrapper \"   ><div class=\"wpb_wrapper-inner\">\n\t<div class=\"wpb_raw_code wpb_content_element wpb_raw_html\" >\n\t\t<div class=\"wpb_wrapper\">\n\t\t\t<video width=\"90%\" height=\"90%\" autoplay controls>\n  <source src=\"https:\/\/www.plogga.se\/wp-content\/uploads\/2024\/07\/plogga2024.mp4\" type=\"video\/mp4\">\n\t\t<\/div>\n\t<\/div>\n<\/div><\/div><\/div><\/div><div class=\"wpb_column vc_column_container vc_col-sm-6 liquid-column-69e6ae8a5630b\"><div class=\"vc_column-inner\"><div class=\"wpb_wrapper \"   ><div class=\"wpb_wrapper-inner\">\n\t<div class=\"wpb_text_column wpb_content_element \" >\n\t\t<div class=\"wpb_wrapper\">\n\t\t\t<h2 style=\"text-align: center;\"><strong>B\u00f6rja Plogga!<\/strong><\/h2>\n\n\t\t<\/div>\n\t<\/div>\n\n\t<div class=\"wpb_text_column wpb_content_element \" >\n\t\t<div class=\"wpb_wrapper\">\n\t\t\t<h4>Plogga \u00e4r en v\u00e4xande organisation och folkr\u00f6relse grundad i Sverige, d\u00e4r du plockar skr\u00e4p och joggar. Du kan ocks\u00e5 promenera, paddla, \u00e5ka skateboard, cykla eller vad du sj\u00e4lv f\u00f6redrar f\u00f6r att r\u00f6ra dig.<\/h4>\n<p>Plogga och Plogging sprider sig som en l\u00f6peld \u00f6ver v\u00e4rlden, och med hj\u00e4lp av omtyckta ambassad\u00f6rer och en rolig och l\u00e4rorik plattform engagerar vi alla i en h\u00e4lsosam skr\u00e4pplockarv\u00e5g som r\u00e4ddar v\u00e4rlden.<\/p>\n<p><a href=\"https:\/\/www.plogga.se\/vi-ar-plogga\/\">H\u00e4r hittar du matnyttig information om nedskr\u00e4pning och att Plogga<\/a>. Vi ber\u00e4ttar allt om hur vi hj\u00e4lper dig som privatperson att arrangera officiella Plogga-event och om hur du och ditt <a href=\"https:\/\/www.plogga.se\/for-foretag\/\">f\u00f6retag kan anv\u00e4nda Plogga<\/a> f\u00f6r att st\u00e4rka ert varum\u00e4rke genom att bli Plogga-partner.<\/p>\n<p>Representerar du en kommun eller skola? Vi kan komma och Plogga med er ocks\u00e5! Gl\u00f6m inte att kika in v\u00e5ra nya <a href=\"https:\/\/www.plogga.se\/produkter\/\">produkter<\/a> som underl\u00e4ttar ploggandet!<\/p>\n<p>Bli en milj\u00f6hj\u00e4lte och Plogga!<\/p>\n\n\t\t<\/div>\n\t<\/div>\n<\/div><\/div><\/div><\/div><\/div><\/div><\/section><section class=\"vc_row wpb_row vc_row-fluid vc_custom_1580288305010 row-contains-padding-top row-contains-padding-bottom liquid-row-shadowbox-69e6ae8a56a04 vc_row-o-content-middle vc_row-flex\"><div class=\"ld-container container\"><div class=\"row ld-row\"><div class=\"wpb_column vc_column_container vc_col-sm-2 liquid-column-69e6ae8a56d1a\"><div class=\"vc_column-inner\"><div class=\"wpb_wrapper \"   ><div class=\"wpb_wrapper-inner\"><style>.ld_spacer_69e6ae8a56d7f{height:32px;}<\/style>\n<div class=\"ld-empty-space ld_spacer_69e6ae8a56d7f\"><span class=\"liquid_empty_space_inner\"><\/span><\/div><\/div><\/div><\/div><\/div><div class=\"wpb_column vc_column_container vc_col-sm-8 liquid-column-69e6ae8a57074\"><div class=\"vc_column-inner\"><div class=\"wpb_wrapper \"   ><div class=\"wpb_wrapper-inner\">\n\t<div class=\"wpb_text_column wpb_content_element \" >\n\t\t<div class=\"wpb_wrapper\">\n\t\t\t<h2 style=\"text-align: center;\"><strong>Senaste nytt<\/strong><\/h2>\n\n\t\t<\/div>\n\t<\/div>\n<style>.ld_blog_69e6ae8a571ef .liquid-blog-grid{margin-left:-15px;margin-right:-15px;}.ld_blog_69e6ae8a571ef .liquid-blog-grid > div{padding-left:15px;padding-right:15px;}.ld_blog_69e6ae8a571ef .liquid-blog-grid .liquid-lp{margin-bottom:30px;}.ld_blog_69e6ae8a571ef .filter-list{margin-bottom:px;}.ld_blog_69e6ae8a571ef .liquid-blog-item .liquid-lp-title,.ld_blog_69e6ae8a571ef .liquid-lp .liquid-lp-title{color:rgb(250, 56, 177);margin-top:px;margin-bottom:px;}<\/style><div data-filter-id=\"1679417321843-20360166-e8c2\" class=\"liquid-blog-posts ld_blog_69e6ae8a571ef 1679417321844-0ee5c33e-5482 \" data-post-per-page=\"8\"><div class=\"liquid-blog-grid row\"><div class=\"col-md-12\"><article id=\"post-3507\" class=\"liquid-lp post-3507 post type-post status-publish format-standard hentry category-nyhet\"><header class=\"liquid-lp-header\">\n\t<h2 class=\"entry-title liquid-lp-title h5\"><a  href=\"https:\/\/www.plogga.se\/en\/2025\/11\/swedens-largest-outdoor-magazine-utemagasinet-celebrates-ploggas-10th-anniversary-with-a-long-article\/\" rel=\"bookmark\">Sweden&#8217;s largest outdoor magazine Utemagasinet celebrates Plogga&#8217;s 10th anniversary with a long article<\/a><\/h2>\t<time class=\"published updated liquid-lp-date size-sm\" datetime=\"2025-11-29T04:12:31+01:00\">November 29, 2025<\/time><\/header>\n<hr><\/article><\/div><div class=\"col-md-12\"><article id=\"post-3504\" class=\"liquid-lp post-3504 post type-post status-publish format-standard hentry category-nyhet\"><header class=\"liquid-lp-header\">\n\t<h2 class=\"entry-title liquid-lp-title h5\"><a  href=\"https:\/\/www.plogga.se\/en\/2025\/11\/now-you-can-print-your-own-plogga-merchandises-as-hats-flags-plogga-bags-t-shirts-using-our-logo-free-of-charge\/\" rel=\"bookmark\">Now you can print your own Plogga merchandises as hats, flags, Plogga bags, t- shirts, using our logo free of charge<\/a><\/h2>\t<time class=\"published updated liquid-lp-date size-sm\" datetime=\"2025-11-29T04:05:48+01:00\">November 29, 2025<\/time><\/header>\n<hr><\/article><\/div><div class=\"col-md-12\"><article id=\"post-3495\" class=\"liquid-lp post-3495 post type-post status-publish format-standard has-post-thumbnail hentry category-nyhet\"><header class=\"liquid-lp-header\">\n\t<h2 class=\"entry-title liquid-lp-title h5\"><a  href=\"https:\/\/www.plogga.se\/en\/2025\/11\/the-swedish-crown-princess-victoria-presented-the-wwf-award-to-ploggas-founder\/\" rel=\"bookmark\">The Swedish Crown Princess Victoria presented the WWF award to Plogga&#8217;s founder<\/a><\/h2>\t<time class=\"published updated liquid-lp-date size-sm\" datetime=\"2025-11-17T13:05:26+01:00\">November 17, 2025<\/time><\/header>\n<hr><\/article><\/div><div class=\"col-md-12\"><article id=\"post-3493\" class=\"liquid-lp post-3493 post type-post status-publish format-standard hentry category-nyhet\"><header class=\"liquid-lp-header\">\n\t<h2 class=\"entry-title liquid-lp-title h5\"><a  href=\"https:\/\/www.plogga.se\/en\/2025\/11\/yes-we-won-and-got-awarded-by-wwf-environment-hero-2025\/\" rel=\"bookmark\">Yes! We won and got awarded by WWF!  Environment hero 2025<\/a><\/h2>\t<time class=\"published updated liquid-lp-date size-sm\" datetime=\"2025-11-17T12:58:27+01:00\">November 17, 2025<\/time><\/header>\n<hr><\/article><\/div><div class=\"col-md-12\"><article id=\"post-3484\" class=\"liquid-lp post-3484 post type-post status-publish format-standard hentry category-nyhet\"><header class=\"liquid-lp-header\">\n\t<h2 class=\"entry-title liquid-lp-title h5\"><a  href=\"https:\/\/www.plogga.se\/en\/2025\/10\/we-are-proud-that-our-founder-has-been-nominated-for-the-wwf-environmental-hero-of-the-year-2025-award\/\" rel=\"bookmark\">We are proud that our Founder has been nominated for the WWF Environmental Hero of the Year 2025 award<\/a><\/h2>\t<time class=\"published updated liquid-lp-date size-sm\" datetime=\"2025-10-22T15:47:22+02:00\">October 22, 2025<\/time><\/header>\n<hr><\/article><\/div><div class=\"col-md-12\"><article id=\"post-3479\" class=\"liquid-lp post-3479 post type-post status-publish format-standard hentry category-nyhet\"><header class=\"liquid-lp-header\">\n\t<h2 class=\"entry-title liquid-lp-title h5\"><a  href=\"https:\/\/www.plogga.se\/en\/2025\/09\/third-national-plogging-meeting-in-spain-10-and-13-of-october\/\" rel=\"bookmark\">Third National Plogging\u00a0Meeting in Spain, 10 and 13 of October<\/a><\/h2>\t<time class=\"published updated liquid-lp-date size-sm\" datetime=\"2025-09-29T12:25:55+02:00\">September 29, 2025<\/time><\/header>\n<hr><\/article><\/div><div class=\"col-md-12\"><article id=\"post-3475\" class=\"liquid-lp post-3475 post type-post status-publish format-standard hentry category-nyhet\"><header class=\"liquid-lp-header\">\n\t<h2 class=\"entry-title liquid-lp-title h5\"><a  href=\"https:\/\/www.plogga.se\/en\/2025\/09\/3-5-october-72-h-of-global-frontline-plogging-in-finland\/\" rel=\"bookmark\">3-5 october (72 h of global Frontline Plogging) in Finland<\/a><\/h2>\t<time class=\"published updated liquid-lp-date size-sm\" datetime=\"2025-09-28T20:48:37+02:00\">September 28, 2025<\/time><\/header>\n<hr><\/article><\/div><div class=\"col-md-12\"><article id=\"post-3472\" class=\"liquid-lp post-3472 post type-post status-publish format-standard hentry category-nyhet\"><header class=\"liquid-lp-header\">\n\t<h2 class=\"entry-title liquid-lp-title h5\"><a  href=\"https:\/\/www.plogga.se\/en\/2025\/09\/in-india-we-hade-the-first-global-plogging-contest-for-women\/\" rel=\"bookmark\">In India we hade the first global Plogging contest for women<\/a><\/h2>\t<time class=\"published updated liquid-lp-date size-sm\" datetime=\"2025-09-28T20:41:10+02:00\">September 28, 2025<\/time><\/header>\n<hr><\/article><\/div><\/div><!--\/ .row --><\/div><!--\/ .liquid-blog-posts --><div class=\"vc_btn3-container vc_btn3-center\" ><a class=\"vc_general vc_btn3 vc_btn3-size-lg vc_btn3-shape-rounded vc_btn3-style-flat vc_btn3-color-black\" href=\"https:\/\/www.plogga.se\/nyheter\/\" title=\"Mer nyheter\" target=\"_blank\">Mer nyheter<\/a><\/div><\/div><\/div><\/div><\/div><div class=\"wpb_column vc_column_container vc_col-sm-2 liquid-column-69e6ae8a59aa9\"><div class=\"vc_column-inner\"><div class=\"wpb_wrapper \"   ><div class=\"wpb_wrapper-inner\"><style>.ld_spacer_69e6ae8a59b21{height:32px;}<\/style>\n<div class=\"ld-empty-space ld_spacer_69e6ae8a59b21\"><span class=\"liquid_empty_space_inner\"><\/span><\/div><\/div><\/div><\/div><\/div><\/div><\/div><\/section><style>@media (min-width: 768px) { .liquid-row-responsive-69e6ae8a5a0a0 {padding-top:50px !important; padding-bottom:50px !important;  }  } @media (min-width: 992px) { .liquid-row-responsive-69e6ae8a5a0a0 {padding-top:50px !important; padding-bottom:50px !important;  }  } @media (min-width: 1200px) { .liquid-row-responsive-69e6ae8a5a0a0 {padding-top:50px !important; padding-bottom:50px !important;  }  }   <\/style><section id=\"ploggatisdag\" data-parallax=\"true\" data-parallax-options='{\"parallaxBG\":true}' style=\"background:-webkit-linear-gradient(90deg, rgb(238, 11, 111) 0%, rgb(255, 85, 0) 100%);\" data-bg-image=\"url\" class=\"vc_row wpb_row vc_row-fluid vc_custom_1619621194012 row-contains-padding-top row-contains-padding-bottom liquid-row-responsive-69e6ae8a5a0a0 liquid-row-shadowbox-69e6ae8a5a0be vc_row-has-fill vc_row-has-bg vc_row-o-content-top vc_row-flex\"><div class=\"liquid-row-overlay\" style=\"background:rgba(0, 0, 0, 0.5)\"><\/div><div class=\"ld-container container\"><div class=\"row ld-row\"><div class=\"wpb_column vc_column_container vc_col-sm-12 liquid-column-69e6ae8a5a3cb\"><div class=\"vc_column-inner\"><div class=\"wpb_wrapper \"   ><div class=\"wpb_wrapper-inner\">\n\t<div  class=\"wpb_single_image wpb_content_element vc_align_center  liquid_vc_single_image-69e6ae8a5cdc5\">\n\t\t\n\t\t<figure class=\"wpb_wrapper vc_figure\">\n\t\t\t<div class=\"vc_single_image-wrapper   vc_box_border_grey\"><img loading=\"lazy\" decoding=\"async\" width=\"300\" height=\"300\" src=\"data:image\/svg+xml;charset=utf-8,&lt;svg xmlns%3D&#039;http%3A%2F%2Fwww.w3.org%2F2000%2Fsvg&#039; viewBox%3D&#039;0 0 300 300&#039;%2F&gt;\" class=\"vc_single_image-img attachment-medium ld-lazyload\" alt=\"\" title=\"plogga-logga ploggatisdag-500\" srcset=\"\" sizes=\"(max-width: 300px) 100vw, 300px\" data-src=\"https:\/\/www.plogga.se\/wp-content\/uploads\/2021\/04\/plogga-logga-ploggatisdag-500-300x300.png\" data-srcset=\"https:\/\/www.plogga.se\/wp-content\/uploads\/2021\/04\/plogga-logga-ploggatisdag-500-300x300.png 300w, https:\/\/www.plogga.se\/wp-content\/uploads\/2021\/04\/plogga-logga-ploggatisdag-500-150x150.png 150w, https:\/\/www.plogga.se\/wp-content\/uploads\/2021\/04\/plogga-logga-ploggatisdag-500-12x12.png 12w, https:\/\/www.plogga.se\/wp-content\/uploads\/2021\/04\/plogga-logga-ploggatisdag-500.png 500w\" data-aspect=\"1\" \/><\/div>\n\t\t<\/figure>\n\t<\/div>\n\n\t<div class=\"wpb_text_column wpb_content_element  vc_custom_1619621004655\" >\n\t\t<div class=\"wpb_wrapper\">\n\t\t\t<h2 style=\"text-align: center;\"><span style=\"color: #ffffff;\">Ploggatisdag<\/span><\/h2>\n<h4 style=\"text-align: center;\"><span style=\"color: #ffffff;\">Skapa en ny vana \u2013 Plogga varje tisdag tillsammans med hundratals andra \u00f6ver hela v\u00e4rlden.<br \/>\nRensa upp d\u00e4r du bor, antingen sj\u00e4lv eller tillsammans med andra. S\u00e4tt upp en lapp p\u00e5 matbutiken. L\u00e4r k\u00e4nna fler som t\u00e4nker som du.<\/span><\/h4>\n<h4 style=\"text-align: center;\"><span style=\"color: #ffffff;\">Det enda du beh\u00f6ver \u00e4r n\u00e5gra p\u00e5sar och g\u00e4rna ett par handskar, skr\u00e4p kan vara smutsigt.<\/span><\/h4>\n<h4 style=\"text-align: center;\"><span style=\"color: #ffffff;\">Dela g\u00e4rna i sociala media och anv\u00e4nd hashtag #ploggatisdag och #plogga<\/span><\/h4>\n\n\t\t<\/div>\n\t<\/div>\n<\/div><\/div><\/div><\/div><\/div><\/div><\/section><section data-bg-image=\"url\" class=\"vc_row wpb_row vc_row-fluid vc_custom_1621498577100 row-contains-padding-top row-contains-padding-bottom liquid-row-shadowbox-69e6ae8a5d28f vc_row-has-fill vc_row-has-bg\"><div class=\"ld-container container\"><div class=\"row ld-row\"><div class=\"wpb_column vc_column_container vc_col-sm-8 liquid-column-69e6ae8a5d5b4\"><div class=\"vc_column-inner\"><div class=\"wpb_wrapper \"   ><div class=\"wpb_wrapper-inner\">\n\t<div class=\"wpb_text_column wpb_content_element \" >\n\t\t<div class=\"wpb_wrapper\">\n\t\t\t<h3><span style=\"color: #ffffff;\">Delta i andra event<\/span><\/h3>\n<h4><span style=\"color: #ffffff;\">Det \u00e4r roligt att Plogga i grupp! Delta i n\u00e5got av v\u00e5ra m\u00e5nga Plogga-event runtom i v\u00e4rlden. Se mer i v\u00e5r eventkalender p\u00e5 Facebook.<\/span><\/h4>\n\n\t\t<\/div>\n\t<\/div>\n<\/div><\/div><\/div><\/div><div class=\"wpb_column vc_column_container vc_col-sm-4 liquid-column-69e6ae8a5d956\"><div class=\"vc_column-inner\"><div class=\"wpb_wrapper \"   ><div class=\"wpb_wrapper-inner\"><style>.ld_spacer_69e6ae8a5d9d2{height:60px;}<\/style>\n<div class=\"ld-empty-space ld_spacer_69e6ae8a5d9d2\"><span class=\"liquid_empty_space_inner\"><\/span><\/div><div class=\"vc_btn3-container vc_btn3-center\" ><a class=\"vc_general vc_btn3 vc_btn3-size-lg vc_btn3-shape-rounded vc_btn3-style-flat vc_btn3-color-white\" href=\"https:\/\/www.facebook.com\/pg\/plogga\/events\/\" title=\"Eventkalendern p\u00e5 Facebook\" target=\"_blank\">Eventkalendern<\/a><\/div><\/div><\/div><\/div><\/div><\/div><\/div><\/section>\n<\/section>","protected":false},"excerpt":{"rendered":"Darjeeling hosted the region\u2019s first women's plogging championship supported by the Mero Darjeeling initiative. More...","protected":false},"author":7,"featured_media":0,"parent":0,"menu_order":0,"comment_status":"closed","ping_status":"closed","template":"","meta":{"inline_featured_image":false,"footnotes":""},"_links":{"self":[{"href":"https:\/\/www.plogga.se\/en\/wp-json\/wp\/v2\/pages\/2709"}],"collection":[{"href":"https:\/\/www.plogga.se\/en\/wp-json\/wp\/v2\/pages"}],"about":[{"href":"https:\/\/www.plogga.se\/en\/wp-json\/wp\/v2\/types\/page"}],"author":[{"embeddable":true,"href":"https:\/\/www.plogga.se\/en\/wp-json\/wp\/v2\/users\/7"}],"replies":[{"embeddable":true,"href":"https:\/\/www.plogga.se\/en\/wp-json\/wp\/v2\/comments?post=2709"}],"version-history":[{"count":121,"href":"https:\/\/www.plogga.se\/en\/wp-json\/wp\/v2\/pages\/2709\/revisions"}],"predecessor-version":[{"id":3500,"href":"https:\/\/www.plogga.se\/en\/wp-json\/wp\/v2\/pages\/2709\/revisions\/3500"}],"wp:attachment":[{"href":"https:\/\/www.plogga.se\/en\/wp-json\/wp\/v2\/media?parent=2709"}],"curies":[{"name":"wp","href":"https:\/\/api.w.org\/{rel}","templated":true}]}}