{"id":2633,"date":"2020-10-24T11:08:08","date_gmt":"2020-10-24T11:08:08","guid":{"rendered":"https:\/\/www.plogga.se\/?page_id=2633"},"modified":"2023-05-23T21:08:36","modified_gmt":"2023-05-23T19:08:36","slug":"styrelsen","status":"publish","type":"page","link":"https:\/\/www.plogga.se\/en\/styrelsen\/","title":{"rendered":"Protokoll"},"content":{"rendered":"<section class=\"wpb-content-wrapper\"><section data-bg-image=\"url\" class=\"vc_row wpb_row vc_row-fluid vc_custom_1580159628514 liquid-row-shadowbox-6a066c2441b77 vc_row-has-fill vc_row-has-bg\"><div class=\"ld-container container\"><div class=\"row ld-row\"><div class=\"wpb_column vc_column_container vc_col-sm-12 liquid-column-6a066c24420d2\"><div class=\"vc_column-inner\"><div class=\"wpb_wrapper\"   ><div class=\"wpb_wrapper-inner\"><style>.ld_spacer_6a066c2442173{height:200px;}<\/style>\n<div class=\"ld-empty-space ld_spacer_6a066c2442173\"><span class=\"liquid_empty_space_inner\"><\/span><\/div><\/div><\/div><\/div><\/div><\/div><\/div><\/section><section class=\"vc_row wpb_row vc_row-fluid vc_custom_1603540896668 row-contains-padding-top liquid-row-shadowbox-6a066c24424a4 vc_row-o-content-middle vc_row-flex\"><div class=\"ld-container container\"><div class=\"row ld-row\"><div class=\"wpb_column vc_column_container vc_col-sm-2 liquid-column-6a066c2442783\"><div class=\"vc_column-inner\"><div class=\"wpb_wrapper\"   ><div class=\"wpb_wrapper-inner\"><style>.ld_spacer_6a066c24427e7{height:32px;}<\/style>\n<div class=\"ld-empty-space ld_spacer_6a066c24427e7\"><span class=\"liquid_empty_space_inner\"><\/span><\/div><\/div><\/div><\/div><\/div><div class=\"wpb_column vc_column_container vc_col-sm-8 liquid-column-6a066c2442a7a\"><div class=\"vc_column-inner\"><div class=\"wpb_wrapper\"   ><div class=\"wpb_wrapper-inner\">\n\t<div class=\"wpb_text_column wpb_content_element\" >\n\t\t<div class=\"wpb_wrapper\">\n\t\t\t<h2 class=\"section-headline animated bounceInLeft\" style=\"text-align: center;\" data-inviewport=\"true\" data-inviewport-class=\"bounceInLeft \" data-inviewport-delay=\"200\" data-inviewtimer=\"24\">Annual General Meeting<\/h2>\n\n\t\t<\/div>\n\t<\/div>\n\n\t<div class=\"wpb_text_column wpb_content_element\" >\n\t\t<div class=\"wpb_wrapper\">\n\t\t\t<p>Notice of Annual General Meeting (Swedish) <a href=\"https:\/\/www.plogga.se\/wp-content\/uploads\/2022\/03\/Kallelse-arsstamma-Foreningen-Plogga-2022.pdf\" target=\"_blank\" rel=\"noopener\">pdf-document<\/a><\/p>\n\n\t\t<\/div>\n\t<\/div>\n\n\t<div class=\"wpb_text_column wpb_content_element\" >\n\t\t<div class=\"wpb_wrapper\">\n\t\t\t<p>Annual Report 2021 (Swedish) <a href=\"https:\/\/www.plogga.se\/wp-content\/uploads\/2022\/03\/Arsbokslut-Plogga-2021-sign.pdf\" target=\"_blank\" rel=\"noopener\">pdf-document<\/a><\/p>\n\n\t\t<\/div>\n\t<\/div>\n\n\t<div class=\"wpb_text_column wpb_content_element\" >\n\t\t<div class=\"wpb_wrapper\">\n\t\t\t<p>Business report 2021 (Swedish) \u2013 <a href=\"https:\/\/www.plogga.se\/wp-content\/uploads\/2022\/03\/Verksamhetsberattelse-Plogga-2021-sign.pdf\" target=\"_blank\" rel=\"noopener\">pdf-document<\/a><\/p>\n\n\t\t<\/div>\n\t<\/div>\n<style>.ld_spacer_6a066c2442d99{height:40px;}<\/style>\n<div class=\"ld-empty-space ld_spacer_6a066c2442d99\"><span class=\"liquid_empty_space_inner\"><\/span><\/div><\/div><\/div><\/div><\/div><div class=\"wpb_column vc_column_container vc_col-sm-2 liquid-column-6a066c2443050\"><div class=\"vc_column-inner\"><div class=\"wpb_wrapper\"   ><div class=\"wpb_wrapper-inner\"><style>.ld_spacer_6a066c24430bd{height:32px;}<\/style>\n<div class=\"ld-empty-space ld_spacer_6a066c24430bd\"><span class=\"liquid_empty_space_inner\"><\/span><\/div><\/div><\/div><\/div><\/div><\/div><\/div><\/section>\n<\/section>","protected":false},"excerpt":{"rendered":"\u00c5rsst\u00e4mma Kallelse \u00e5rsst\u00e4mma F\u00f6reningen Plogga 2022 \u2013 pdf-dokument \u00c5rsbokslut Plogga 2021 \u2013 pdf-dokument Verksamhetsber\u00e4ttelse 2021...","protected":false},"author":3,"featured_media":0,"parent":0,"menu_order":0,"comment_status":"closed","ping_status":"closed","template":"","meta":{"inline_featured_image":false,"footnotes":""},"_links":{"self":[{"href":"https:\/\/www.plogga.se\/en\/wp-json\/wp\/v2\/pages\/2633"}],"collection":[{"href":"https:\/\/www.plogga.se\/en\/wp-json\/wp\/v2\/pages"}],"about":[{"href":"https:\/\/www.plogga.se\/en\/wp-json\/wp\/v2\/types\/page"}],"author":[{"embeddable":true,"href":"https:\/\/www.plogga.se\/en\/wp-json\/wp\/v2\/users\/3"}],"replies":[{"embeddable":true,"href":"https:\/\/www.plogga.se\/en\/wp-json\/wp\/v2\/comments?post=2633"}],"version-history":[{"count":31,"href":"https:\/\/www.plogga.se\/en\/wp-json\/wp\/v2\/pages\/2633\/revisions"}],"predecessor-version":[{"id":3115,"href":"https:\/\/www.plogga.se\/en\/wp-json\/wp\/v2\/pages\/2633\/revisions\/3115"}],"wp:attachment":[{"href":"https:\/\/www.plogga.se\/en\/wp-json\/wp\/v2\/media?parent=2633"}],"curies":[{"name":"wp","href":"https:\/\/api.w.org\/{rel}","templated":true}]}}